{"id":108,"date":"2019-10-29T15:02:12","date_gmt":"2019-10-29T15:02:12","guid":{"rendered":"http:\/\/mesmomentsprec.wpengine.com\/?page_id=108"},"modified":"2019-12-19T07:12:08","modified_gmt":"2019-12-19T07:12:08","slug":"a-propos","status":"publish","type":"page","link":"https:\/\/mesmomentsprecieux.fr\/en\/a-propos\/","title":{"rendered":"\u00c0 propos"},"content":{"rendered":"<div data-elementor-type=\"wp-page\" data-elementor-id=\"108\" class=\"elementor elementor-108\" data-elementor-post-type=\"page\">\n\t\t\t\t\t\t<section class=\"has_eae_slider elementor-section elementor-top-section elementor-element elementor-element-b9a2156 elementor-section-boxed elementor-section-height-default elementor-section-height-default\" data-eae-slider=\"40298\" data-id=\"b9a2156\" data-element_type=\"section\" data-e-type=\"section\">\n\t\t\t\t\t\t<div class=\"elementor-container elementor-column-gap-default\">\n\t\t\t\t\t<div class=\"has_eae_slider elementor-column elementor-col-100 elementor-top-column elementor-element elementor-element-5ceb3b9\" data-eae-slider=\"50635\" data-id=\"5ceb3b9\" data-element_type=\"column\" data-e-type=\"column\">\n\t\t\t<div class=\"elementor-widget-wrap elementor-element-populated\">\n\t\t\t\t\t\t<div class=\"elementor-element elementor-element-1090dff elementor-widget elementor-widget-spacer\" data-id=\"1090dff\" data-element_type=\"widget\" data-e-type=\"widget\" data-widget_type=\"spacer.default\">\n\t\t\t\t<div class=\"elementor-widget-container\">\n\t\t\t\t\t\t\t<div class=\"elementor-spacer\">\n\t\t\t<div class=\"elementor-spacer-inner\"><\/div>\n\t\t<\/div>\n\t\t\t\t\t\t<\/div>\n\t\t\t\t<\/div>\n\t\t\t\t<div class=\"elementor-element elementor-element-4144a95 elementor-widget elementor-widget-heading\" data-id=\"4144a95\" data-element_type=\"widget\" data-e-type=\"widget\" data-widget_type=\"heading.default\">\n\t\t\t\t<div class=\"elementor-widget-container\">\n\t\t\t\t\t<h1 class=\"elementor-heading-title elementor-size-default\">\u00c0 propos<\/h1>\t\t\t\t<\/div>\n\t\t\t\t<\/div>\n\t\t\t\t<div class=\"elementor-element elementor-element-a35d37f elementor-widget elementor-widget-spacer\" data-id=\"a35d37f\" data-element_type=\"widget\" data-e-type=\"widget\" data-widget_type=\"spacer.default\">\n\t\t\t\t<div class=\"elementor-widget-container\">\n\t\t\t\t\t\t\t<div class=\"elementor-spacer\">\n\t\t\t<div class=\"elementor-spacer-inner\"><\/div>\n\t\t<\/div>\n\t\t\t\t\t\t<\/div>\n\t\t\t\t<\/div>\n\t\t\t\t\t<\/div>\n\t\t<\/div>\n\t\t\t\t\t<\/div>\n\t\t<\/section>\n\t\t\t\t<section class=\"has_eae_slider elementor-section elementor-top-section elementor-element elementor-element-738577a elementor-section-boxed elementor-section-height-default elementor-section-height-default\" data-eae-slider=\"83755\" data-id=\"738577a\" data-element_type=\"section\" data-e-type=\"section\">\n\t\t\t\t\t\t<div class=\"elementor-container elementor-column-gap-default\">\n\t\t\t\t\t<div class=\"has_eae_slider elementor-column elementor-col-100 elementor-top-column elementor-element elementor-element-14cc00b\" data-eae-slider=\"4386\" data-id=\"14cc00b\" data-element_type=\"column\" data-e-type=\"column\">\n\t\t\t<div class=\"elementor-widget-wrap elementor-element-populated\">\n\t\t\t\t\t\t<div class=\"elementor-element elementor-element-a501661 elementor-widget elementor-widget-heading\" data-id=\"a501661\" data-element_type=\"widget\" data-e-type=\"widget\" data-widget_type=\"heading.default\">\n\t\t\t\t<div class=\"elementor-widget-container\">\n\t\t\t\t\t<h2 class=\"elementor-heading-title elementor-size-default\">Pr\u00e9server les moments pr\u00e9cieux malgr\u00e9 le cancer<\/h2>\t\t\t\t<\/div>\n\t\t\t\t<\/div>\n\t\t\t\t\t<\/div>\n\t\t<\/div>\n\t\t\t\t\t<\/div>\n\t\t<\/section>\n\t\t\t\t<section class=\"has_eae_slider elementor-section elementor-top-section elementor-element elementor-element-e4386cc elementor-section-boxed elementor-section-height-default elementor-section-height-default\" data-eae-slider=\"50393\" data-id=\"e4386cc\" data-element_type=\"section\" data-e-type=\"section\">\n\t\t\t\t\t\t<div class=\"elementor-container elementor-column-gap-default\">\n\t\t\t\t\t<div class=\"has_eae_slider elementor-column elementor-col-50 elementor-top-column elementor-element elementor-element-e2af827\" data-eae-slider=\"35403\" data-id=\"e2af827\" data-element_type=\"column\" data-e-type=\"column\">\n\t\t\t<div class=\"elementor-widget-wrap elementor-element-populated\">\n\t\t\t\t\t\t<div class=\"elementor-element elementor-element-fde99d9 elementor-hidden-tablet elementor-hidden-phone elementor-widget elementor-widget-breadcrumbs\" data-id=\"fde99d9\" data-element_type=\"widget\" data-e-type=\"widget\" data-widget_type=\"breadcrumbs.default\">\n\t\t\t\t<div class=\"elementor-widget-container\">\n\t\t\t\t\t<p id=\"breadcrumbs\"><span><span><a href=\"https:\/\/mesmomentsprecieux.fr\/en\/\">Home<\/a><\/span><\/span><\/p>\t\t\t\t<\/div>\n\t\t\t\t<\/div>\n\t\t\t\t\t<\/div>\n\t\t<\/div>\n\t\t\t\t<div class=\"has_eae_slider elementor-column elementor-col-50 elementor-top-column elementor-element elementor-element-66087e1\" data-eae-slider=\"1791\" data-id=\"66087e1\" data-element_type=\"column\" data-e-type=\"column\">\n\t\t\t<div class=\"elementor-widget-wrap elementor-element-populated\">\n\t\t\t\t\t\t<div class=\"elementor-element elementor-element-1a5d76b elementor-share-buttons--view-icon elementor-share-buttons--skin-flat elementor-share-buttons--shape-circle elementor-share-buttons--color-custom elementor-grid-0 elementor-widget elementor-widget-share-buttons\" data-id=\"1a5d76b\" data-element_type=\"widget\" data-e-type=\"widget\" data-widget_type=\"share-buttons.default\">\n\t\t\t\t<div class=\"elementor-widget-container\">\n\t\t\t\t\t\t\t<div class=\"elementor-grid\" role=\"list\">\n\t\t\t\t\t\t\t\t<div class=\"elementor-grid-item\" role=\"listitem\">\n\t\t\t\t\t\t<div class=\"elementor-share-btn elementor-share-btn_facebook\" role=\"button\" tabindex=\"0\" aria-label=\"Partager sur facebook\">\n\t\t\t\t\t\t\t\t\t\t\t\t\t\t\t<span class=\"elementor-share-btn__icon\">\n\t\t\t\t\t\t\t\t<i class=\"fab fa-facebook\" aria-hidden=\"true\"><\/i>\t\t\t\t\t\t\t<\/span>\n\t\t\t\t\t\t\t\t\t\t\t\t\t\t\t\t\t\t\t\t<\/div>\n\t\t\t\t\t<\/div>\n\t\t\t\t\t\t\t\t\t<div class=\"elementor-grid-item\" role=\"listitem\">\n\t\t\t\t\t\t<div class=\"elementor-share-btn elementor-share-btn_twitter\" role=\"button\" tabindex=\"0\" aria-label=\"Partager sur twitter\">\n\t\t\t\t\t\t\t\t\t\t\t\t\t\t\t<span class=\"elementor-share-btn__icon\">\n\t\t\t\t\t\t\t\t<i class=\"fab fa-twitter\" aria-hidden=\"true\"><\/i>\t\t\t\t\t\t\t<\/span>\n\t\t\t\t\t\t\t\t\t\t\t\t\t\t\t\t\t\t\t\t<\/div>\n\t\t\t\t\t<\/div>\n\t\t\t\t\t\t\t\t\t<div class=\"elementor-grid-item\" role=\"listitem\">\n\t\t\t\t\t\t<div class=\"elementor-share-btn elementor-share-btn_linkedin\" role=\"button\" tabindex=\"0\" aria-label=\"Partager sur linkedin\">\n\t\t\t\t\t\t\t\t\t\t\t\t\t\t\t<span class=\"elementor-share-btn__icon\">\n\t\t\t\t\t\t\t\t<i class=\"fab fa-linkedin\" aria-hidden=\"true\"><\/i>\t\t\t\t\t\t\t<\/span>\n\t\t\t\t\t\t\t\t\t\t\t\t\t\t\t\t\t\t\t\t<\/div>\n\t\t\t\t\t<\/div>\n\t\t\t\t\t\t\t\t\t<div class=\"elementor-grid-item\" role=\"listitem\">\n\t\t\t\t\t\t<div class=\"elementor-share-btn elementor-share-btn_whatsapp\" role=\"button\" tabindex=\"0\" aria-label=\"Partager sur whatsapp\">\n\t\t\t\t\t\t\t\t\t\t\t\t\t\t\t<span class=\"elementor-share-btn__icon\">\n\t\t\t\t\t\t\t\t<i class=\"fab fa-whatsapp\" aria-hidden=\"true\"><\/i>\t\t\t\t\t\t\t<\/span>\n\t\t\t\t\t\t\t\t\t\t\t\t\t\t\t\t\t\t\t\t<\/div>\n\t\t\t\t\t<\/div>\n\t\t\t\t\t\t\t\t\t<div class=\"elementor-grid-item\" role=\"listitem\">\n\t\t\t\t\t\t<div class=\"elementor-share-btn elementor-share-btn_email\" role=\"button\" tabindex=\"0\" aria-label=\"Partager sur email\">\n\t\t\t\t\t\t\t\t\t\t\t\t\t\t\t<span class=\"elementor-share-btn__icon\">\n\t\t\t\t\t\t\t\t<i class=\"fas fa-envelope\" aria-hidden=\"true\"><\/i>\t\t\t\t\t\t\t<\/span>\n\t\t\t\t\t\t\t\t\t\t\t\t\t\t\t\t\t\t\t\t<\/div>\n\t\t\t\t\t<\/div>\n\t\t\t\t\t\t<\/div>\n\t\t\t\t\t\t<\/div>\n\t\t\t\t<\/div>\n\t\t\t\t\t<\/div>\n\t\t<\/div>\n\t\t\t\t\t<\/div>\n\t\t<\/section>\n\t\t\t\t<section class=\"has_eae_slider elementor-section elementor-top-section elementor-element elementor-element-71ac553 elementor-section-boxed elementor-section-height-default elementor-section-height-default\" data-eae-slider=\"90850\" data-id=\"71ac553\" data-element_type=\"section\" data-e-type=\"section\">\n\t\t\t\t\t\t<div class=\"elementor-container elementor-column-gap-default\">\n\t\t\t\t\t<div class=\"has_eae_slider elementor-column elementor-col-100 elementor-top-column elementor-element elementor-element-b452795\" data-eae-slider=\"36002\" data-id=\"b452795\" data-element_type=\"column\" data-e-type=\"column\">\n\t\t\t<div class=\"elementor-widget-wrap elementor-element-populated\">\n\t\t\t\t\t\t<div class=\"elementor-element elementor-element-04059d5 elementor-widget elementor-widget-image\" data-id=\"04059d5\" data-element_type=\"widget\" data-e-type=\"widget\" data-widget_type=\"image.default\">\n\t\t\t\t<div class=\"elementor-widget-container\">\n\t\t\t\t\t\t\t\t\t\t\t\t\t\t\t<img fetchpriority=\"high\" decoding=\"async\" width=\"800\" height=\"600\" src=\"https:\/\/mesmomentsprecieux.fr\/wp-content\/uploads\/senior-3336451_1280-1024x768.jpg\" class=\"attachment-large size-large wp-image-408\" alt=\"\" srcset=\"https:\/\/mesmomentsprecieux.fr\/wp-content\/uploads\/senior-3336451_1280-1024x768.jpg 1024w, https:\/\/mesmomentsprecieux.fr\/wp-content\/uploads\/senior-3336451_1280-300x225.jpg 300w, https:\/\/mesmomentsprecieux.fr\/wp-content\/uploads\/senior-3336451_1280-768x576.jpg 768w, https:\/\/mesmomentsprecieux.fr\/wp-content\/uploads\/senior-3336451_1280-e1576577222478.jpg 1100w\" sizes=\"(max-width: 800px) 100vw, 800px\" \/>\t\t\t\t\t\t\t\t\t\t\t\t\t\t\t<\/div>\n\t\t\t\t<\/div>\n\t\t\t\t\t<\/div>\n\t\t<\/div>\n\t\t\t\t\t<\/div>\n\t\t<\/section>\n\t\t\t\t<section class=\"has_eae_slider elementor-section elementor-top-section elementor-element elementor-element-7b917b0 elementor-section-boxed elementor-section-height-default elementor-section-height-default\" data-eae-slider=\"93475\" data-id=\"7b917b0\" data-element_type=\"section\" data-e-type=\"section\">\n\t\t\t\t\t\t<div class=\"elementor-container elementor-column-gap-default\">\n\t\t\t\t\t<div class=\"has_eae_slider elementor-column elementor-col-100 elementor-top-column elementor-element elementor-element-f629c06\" data-eae-slider=\"17224\" data-id=\"f629c06\" data-element_type=\"column\" data-e-type=\"column\">\n\t\t\t<div class=\"elementor-widget-wrap elementor-element-populated\">\n\t\t\t\t\t\t<div class=\"elementor-element elementor-element-b0d12da elementor-widget elementor-widget-text-editor\" data-id=\"b0d12da\" data-element_type=\"widget\" data-e-type=\"widget\" data-widget_type=\"text-editor.default\">\n\t\t\t\t<div class=\"elementor-widget-container\">\n\t\t\t\t\t\t\t\t\t<p>Informations,\u00a0<a href=\"https:\/\/mesmomentsprecieux.fr\/en\/temoignages\/\" target=\"_blank\" rel=\"noreferrer noopener\" aria-label=\" (opens in a new tab)\">t\u00e9moignages<\/a>\u00a0et\u00a0<a href=\"https:\/\/mesmomentsprecieux.fr\/en\/vivre-avec\/\" target=\"_blank\" rel=\"noreferrer noopener\" aria-label=\" (opens in a new tab)\">conseils<\/a>\u00a0pour\u00a0<a href=\"https:\/\/mesmomentsprecieux.fr\/en\/vivre-avec\/preserver-sa-qualite-de-vie-lorsque-lon-a-un-cancer-est-ce-possible\/\" target=\"_blank\" rel=\"noreferrer noopener\" aria-label=\" (opens in a new tab)\">pr\u00e9server votre qualit\u00e9 de vie<\/a>\u00a0pendant et apr\u00e8s le\u00a0<a href=\"https:\/\/mesmomentsprecieux.fr\/en\/traitements\/\" target=\"_blank\" rel=\"noreferrer noopener\" aria-label=\" (opens in a new tab)\">traitement de votre cancer<\/a>.<\/p><p>\u00a0<\/p><div class=\"wp-block-spacer\" aria-hidden=\"true\">\u00a0<\/div><h3><strong>\u00ab\u00a0Que va \u00eatre ma vie d\u00e9sormais\u00a0?\u00a0\u00bb<\/strong><\/h3><p><a href=\"https:\/\/mesmomentsprecieux.fr\/en\/vivre-avec\/non-vous-netes-pas-seul-avec-votre-cancer\/\" target=\"_blank\" rel=\"noreferrer noopener\" aria-label=\" (opens in a new tab)\">Vous n\u2019\u00eates pas le seul dans cette situation<\/a>. En France, pr\u00e8s de 4\u00a0millions de personnes vivent avec ou ont \u00e9t\u00e9 trait\u00e9s \u00e0 la suite d\u2019un cancer<sup>1<\/sup>. Toutefois, le diagnostic d\u2019un cancer suscite beaucoup d\u2019anxi\u00e9t\u00e9 chez de nombreux patients.<\/p><p>\u00a0<\/p><div class=\"wp-block-spacer\" aria-hidden=\"true\">\u00a0<\/div><h3><strong>\u00ab Pourquoi moi ? \u00bb\u00a0<\/strong><\/h3><p>Le cancer n\u2019impacte pas seulement votre vie professionnelle, mais aussi votre vie priv\u00e9e. Il bouleverse votre quotidien et tout doit \u00eatre r\u00e9organis\u00e9. Votre relation avec votre famille et vos amis peut elle aussi \u00e9voluer. Tous ces changements peuvent \u00eatre effrayants au premier abord, mais il existe de nombreuses fa\u00e7ons pour continuer \u00e0 profiter des moments de bonheur pendant cette p\u00e9riode. Chaque cancer est unique, et chacun le g\u00e8re donc \u00e0 sa fa\u00e7on. Si votre m\u00e9decin vous aidera \u00e0 d\u00e9terminer l\u2019option th\u00e9rapeutique qui vous convient le mieux, il existe \u00e9galement de nombreuses petites choses que vous pouvez faire pour vous aider \u00e0 traverser au mieux cette p\u00e9riode de votre vie.<\/p><div class=\"wp-block-spacer\" aria-hidden=\"true\">\u00a0<\/div><h3><strong>Que pouvez-vous attendre de ce blog\u00a0?<\/strong><\/h3><p>Le blog\u00a0Mes Moments Pr\u00e9cieux\u00a0est con\u00e7u pour vous donner des informations importantes, mais \u00e9galement de l\u2019\u00e9nergie et la force dont vous avez besoin pour faire face \u00e0 la maladie et vivre le plus sereinement possible. Pensez \u00e0 ce qui est important pour vous et prenez vos envies au s\u00e9rieux. Partagez vos difficult\u00e9s et d\u00e9couvrez de nouvelles fa\u00e7ons d\u2019avancer dans la vie.<\/p><p>Sur ce blog, vous trouverez\u00a0<a href=\"https:\/\/mesmomentsprecieux.fr\/en\/vivre-avec\/\" target=\"_blank\" rel=\"noreferrer noopener\" aria-label=\" (opens in a new tab)\">des suggestions pour pr\u00e9server votre qualit\u00e9 de vie pendant et apr\u00e8s le traitement (g\u00e9rer son anxi\u00e9t\u00e9, lutter contre la fatigue, pr\u00e9server sa sexualit\u00e9, devenir parent malgr\u00e9 le cancer, reprendre le travail\u2026)<\/a>\u00a0ainsi que\u00a0<a href=\"https:\/\/mesmomentsprecieux.fr\/en\/temoignages\/\" target=\"_blank\" rel=\"noreferrer noopener\" aria-label=\" (opens in a new tab)\">des t\u00e9moignages d\u2019autres patients<\/a>\u00a0et\u00a0<a href=\"https:\/\/mesmomentsprecieux.fr\/en\/traitements\/\" target=\"_blank\" rel=\"noreferrer noopener\" aria-label=\" (opens in a new tab)\">des informations sur les traitements du cancer et les \u00e9tapes post-traitement<\/a>. Nous vous fournirons r\u00e9guli\u00e8rement\u2026<\/p><ul><li><a href=\"https:\/\/mesmomentsprecieux.fr\/en\/vivre-avec\/\" target=\"_blank\" rel=\"noreferrer noopener\" aria-label=\" (opens in a new tab)\">\u2026 des conseils pratiques pour prendre soin de soi, partir en vacances, choisir une activit\u00e9 physique adapt\u00e9e, refaire confiance \u00e0 son corps, profiter des bienfaits de la lecture ou encore du positivisme\u2026<\/a><\/li><li><a href=\"https:\/\/mesmomentsprecieux.fr\/en\/vivre-avec\/\" target=\"_blank\" rel=\"noreferrer noopener\" aria-label=\" (opens in a new tab)\">\u2026 des conseils nutritionnels et des id\u00e9es de recettes<\/a><\/li><li>\u2026 des conseils d\u2019experts<\/li><li>\u2026 des informations sp\u00e9cifiques au\u00a0<a href=\"https:\/\/mesmomentsprecieux.fr\/en\/cancer-du-sein\/\" target=\"_blank\" rel=\"noreferrer noopener\" aria-label=\" (opens in a new tab)\">cancer du sein<\/a>\u00a0et au\u00a0<a href=\"https:\/\/mesmomentsprecieux.fr\/en\/cancer-de-la-prostate\/\" target=\"_blank\" rel=\"noreferrer noopener\" aria-label=\" (opens in a new tab)\">cancer de la prostate<\/a><\/li><li>\u2026 des\u00a0<a href=\"https:\/\/mesmomentsprecieux.fr\/en\/liens-utiles\/\" target=\"_blank\" rel=\"noreferrer noopener\" aria-label=\" (opens in a new tab)\">liens utiles<\/a><\/li><li>\u2026 et bien d\u2019autres choses encore\u00a0!<\/li><\/ul><div class=\"wp-block-spacer\" aria-hidden=\"true\">\u00a0<\/div><p>Votre opinion nous tient particuli\u00e8rement \u00e0 c\u0153ur ! Faites-nous part de vos suggestions, de th\u00e8mes que vous souhaiteriez voir \u00eatre abord\u00e9s, de vos astuces ou de vos questions, afin que nous puissions les prendre en compte dans les articles \u00e0 venir. Vous pouvez nous contacter par e-mail \u00e0 l\u2019adresse suivante :\u00a0<a href=\"mailto:mesmomentsprecieux@accuray.onmicrosoft.com\">mesmomentsprecieux@accuray.onmicrosoft.com<\/a><\/p><p>Nous avons h\u00e2te de vous lire !<\/p><div class=\"wp-block-spacer\" aria-hidden=\"true\">\u00a0<\/div><p>L\u2019\u00e9quipe \u00ab\u00a0Mes Moments Pr\u00e9cieux\u00a0\u00bb<\/p><div class=\"wp-block-spacer\" aria-hidden=\"true\">\u00a0<\/div><p><strong>Source<\/strong><\/p><p><sup>1<\/sup>\u00a0<a href=\"https:\/\/www.e-cancer.fr\/Expertises-et-publications\/Catalogue-des-publications\/Rechercher-des-publications?theme=220366&amp;year=2019&amp;type_cancer=&amp;langue=&amp;public=&amp;collection=\" target=\"_blank\" rel=\"noreferrer noopener\" aria-label=\" (opens in a new tab)\">Les cancers en France en 2018 \u2013 L\u2019essentiel des faits et chiffres (\u00e9dition 2019)<\/a><\/p>\t\t\t\t\t\t\t\t<\/div>\n\t\t\t\t<\/div>\n\t\t\t\t\t<\/div>\n\t\t<\/div>\n\t\t\t\t\t<\/div>\n\t\t<\/section>\n\t\t\t\t<\/div>","protected":false},"excerpt":{"rendered":"<p>\u00c0 propos Pr\u00e9server les moments pr\u00e9cieux malgr\u00e9 le cancer Share on facebook Share on twitter Share on linkedin Share on whatsapp Share on email Informations,&nbsp;t\u00e9moignages&nbsp;et&nbsp;conseils&nbsp;pour&nbsp;pr\u00e9server votre qualit\u00e9 de vie&nbsp;pendant et apr\u00e8s le&nbsp;traitement de votre cancer. \u00ab&nbsp;Que va \u00eatre ma vie d\u00e9sormais&nbsp;?&nbsp;\u00bb Vous n\u2019\u00eates pas le seul dans cette situation. En France, pr\u00e8s de 4&nbsp;millions de [&hellip;]<\/p>\n","protected":false},"author":3,"featured_media":0,"parent":0,"menu_order":0,"comment_status":"closed","ping_status":"closed","template":"","meta":{"inline_featured_image":false,"footnotes":""},"class_list":["post-108","page","type-page","status-publish","hentry"],"yoast_head":"<!-- This site is optimized with the Yoast SEO plugin v27.2 - https:\/\/yoast.com\/product\/yoast-seo-wordpress\/ -->\n<title>\u00c0 propos - mesmomentsprecieux<\/title>\n<meta name=\"robots\" content=\"index, follow, max-snippet:-1, max-image-preview:large, max-video-preview:-1\" \/>\n<link rel=\"canonical\" href=\"https:\/\/mesmomentsprecieux.fr\/en\/a-propos\/\" \/>\n<meta property=\"og:locale\" content=\"en_US\" \/>\n<meta property=\"og:type\" content=\"article\" \/>\n<meta property=\"og:title\" content=\"\u00c0 propos - mesmomentsprecieux\" \/>\n<meta property=\"og:description\" content=\"\u00c0 propos Pr\u00e9server les moments pr\u00e9cieux malgr\u00e9 le cancer Share on facebook Share on twitter Share on linkedin Share on whatsapp Share on email Informations,&nbsp;t\u00e9moignages&nbsp;et&nbsp;conseils&nbsp;pour&nbsp;pr\u00e9server votre qualit\u00e9 de vie&nbsp;pendant et apr\u00e8s le&nbsp;traitement de votre cancer. \u00ab&nbsp;Que va \u00eatre ma vie d\u00e9sormais&nbsp;?&nbsp;\u00bb Vous n\u2019\u00eates pas le seul dans cette situation. En France, pr\u00e8s de 4&nbsp;millions de [&hellip;]\" \/>\n<meta property=\"og:url\" content=\"https:\/\/mesmomentsprecieux.fr\/en\/a-propos\/\" \/>\n<meta property=\"og:site_name\" content=\"mesmomentsprecieux\" \/>\n<meta property=\"article:modified_time\" content=\"2019-12-19T07:12:08+00:00\" \/>\n<meta property=\"og:image\" content=\"https:\/\/mesmomentsprecieux.fr\/wp-content\/uploads\/senior-3336451_1280-1024x768.jpg\" \/>\n<meta name=\"twitter:card\" content=\"summary_large_image\" \/>\n<meta name=\"twitter:label1\" content=\"Est. reading time\" \/>\n\t<meta name=\"twitter:data1\" content=\"3 minutes\" \/>\n<script type=\"application\/ld+json\" class=\"yoast-schema-graph\">{\"@context\":\"https:\/\/schema.org\",\"@graph\":[{\"@type\":\"WebPage\",\"@id\":\"https:\/\/mesmomentsprecieux.fr\/a-propos\/\",\"url\":\"https:\/\/mesmomentsprecieux.fr\/a-propos\/\",\"name\":\"\u00c0 propos - mesmomentsprecieux\",\"isPartOf\":{\"@id\":\"https:\/\/mesmomentsprecieux.fr\/#website\"},\"primaryImageOfPage\":{\"@id\":\"https:\/\/mesmomentsprecieux.fr\/a-propos\/#primaryimage\"},\"image\":{\"@id\":\"https:\/\/mesmomentsprecieux.fr\/a-propos\/#primaryimage\"},\"thumbnailUrl\":\"https:\/\/mesmomentsprecieux.fr\/wp-content\/uploads\/senior-3336451_1280-1024x768.jpg\",\"datePublished\":\"2019-10-29T15:02:12+00:00\",\"dateModified\":\"2019-12-19T07:12:08+00:00\",\"breadcrumb\":{\"@id\":\"https:\/\/mesmomentsprecieux.fr\/a-propos\/#breadcrumb\"},\"inLanguage\":\"en-US\",\"potentialAction\":[{\"@type\":\"ReadAction\",\"target\":[\"https:\/\/mesmomentsprecieux.fr\/a-propos\/\"]}]},{\"@type\":\"ImageObject\",\"inLanguage\":\"en-US\",\"@id\":\"https:\/\/mesmomentsprecieux.fr\/a-propos\/#primaryimage\",\"url\":\"https:\/\/mesmomentsprecieux.fr\/wp-content\/uploads\/senior-3336451_1280-1024x768.jpg\",\"contentUrl\":\"https:\/\/mesmomentsprecieux.fr\/wp-content\/uploads\/senior-3336451_1280-1024x768.jpg\"},{\"@type\":\"BreadcrumbList\",\"@id\":\"https:\/\/mesmomentsprecieux.fr\/a-propos\/#breadcrumb\",\"itemListElement\":[{\"@type\":\"ListItem\",\"position\":1,\"name\":\"Home\",\"item\":\"https:\/\/mesmomentsprecieux.fr\/\"},{\"@type\":\"ListItem\",\"position\":2,\"name\":\"\u00c0 propos\"}]},{\"@type\":\"WebSite\",\"@id\":\"https:\/\/mesmomentsprecieux.fr\/#website\",\"url\":\"https:\/\/mesmomentsprecieux.fr\/\",\"name\":\"mesmomentsprecieux\",\"description\":\"\",\"potentialAction\":[{\"@type\":\"SearchAction\",\"target\":{\"@type\":\"EntryPoint\",\"urlTemplate\":\"https:\/\/mesmomentsprecieux.fr\/?s={search_term_string}\"},\"query-input\":{\"@type\":\"PropertyValueSpecification\",\"valueRequired\":true,\"valueName\":\"search_term_string\"}}],\"inLanguage\":\"en-US\"}]}<\/script>\n<!-- \/ Yoast SEO plugin. -->","yoast_head_json":{"title":"\u00c0 propos - mesmomentsprecieux","robots":{"index":"index","follow":"follow","max-snippet":"max-snippet:-1","max-image-preview":"max-image-preview:large","max-video-preview":"max-video-preview:-1"},"canonical":"https:\/\/mesmomentsprecieux.fr\/en\/a-propos\/","og_locale":"en_US","og_type":"article","og_title":"\u00c0 propos - mesmomentsprecieux","og_description":"\u00c0 propos Pr\u00e9server les moments pr\u00e9cieux malgr\u00e9 le cancer Share on facebook Share on twitter Share on linkedin Share on whatsapp Share on email Informations,&nbsp;t\u00e9moignages&nbsp;et&nbsp;conseils&nbsp;pour&nbsp;pr\u00e9server votre qualit\u00e9 de vie&nbsp;pendant et apr\u00e8s le&nbsp;traitement de votre cancer. \u00ab&nbsp;Que va \u00eatre ma vie d\u00e9sormais&nbsp;?&nbsp;\u00bb Vous n\u2019\u00eates pas le seul dans cette situation. En France, pr\u00e8s de 4&nbsp;millions de [&hellip;]","og_url":"https:\/\/mesmomentsprecieux.fr\/en\/a-propos\/","og_site_name":"mesmomentsprecieux","article_modified_time":"2019-12-19T07:12:08+00:00","og_image":[{"url":"https:\/\/mesmomentsprecieux.fr\/wp-content\/uploads\/senior-3336451_1280-1024x768.jpg","type":"","width":"","height":""}],"twitter_card":"summary_large_image","twitter_misc":{"Est. reading time":"3 minutes"},"schema":{"@context":"https:\/\/schema.org","@graph":[{"@type":"WebPage","@id":"https:\/\/mesmomentsprecieux.fr\/a-propos\/","url":"https:\/\/mesmomentsprecieux.fr\/a-propos\/","name":"\u00c0 propos - mesmomentsprecieux","isPartOf":{"@id":"https:\/\/mesmomentsprecieux.fr\/#website"},"primaryImageOfPage":{"@id":"https:\/\/mesmomentsprecieux.fr\/a-propos\/#primaryimage"},"image":{"@id":"https:\/\/mesmomentsprecieux.fr\/a-propos\/#primaryimage"},"thumbnailUrl":"https:\/\/mesmomentsprecieux.fr\/wp-content\/uploads\/senior-3336451_1280-1024x768.jpg","datePublished":"2019-10-29T15:02:12+00:00","dateModified":"2019-12-19T07:12:08+00:00","breadcrumb":{"@id":"https:\/\/mesmomentsprecieux.fr\/a-propos\/#breadcrumb"},"inLanguage":"en-US","potentialAction":[{"@type":"ReadAction","target":["https:\/\/mesmomentsprecieux.fr\/a-propos\/"]}]},{"@type":"ImageObject","inLanguage":"en-US","@id":"https:\/\/mesmomentsprecieux.fr\/a-propos\/#primaryimage","url":"https:\/\/mesmomentsprecieux.fr\/wp-content\/uploads\/senior-3336451_1280-1024x768.jpg","contentUrl":"https:\/\/mesmomentsprecieux.fr\/wp-content\/uploads\/senior-3336451_1280-1024x768.jpg"},{"@type":"BreadcrumbList","@id":"https:\/\/mesmomentsprecieux.fr\/a-propos\/#breadcrumb","itemListElement":[{"@type":"ListItem","position":1,"name":"Home","item":"https:\/\/mesmomentsprecieux.fr\/"},{"@type":"ListItem","position":2,"name":"\u00c0 propos"}]},{"@type":"WebSite","@id":"https:\/\/mesmomentsprecieux.fr\/#website","url":"https:\/\/mesmomentsprecieux.fr\/","name":"mesmomentsprecieux","description":"","potentialAction":[{"@type":"SearchAction","target":{"@type":"EntryPoint","urlTemplate":"https:\/\/mesmomentsprecieux.fr\/?s={search_term_string}"},"query-input":{"@type":"PropertyValueSpecification","valueRequired":true,"valueName":"search_term_string"}}],"inLanguage":"en-US"}]}},"_links":{"self":[{"href":"https:\/\/mesmomentsprecieux.fr\/en\/wp-json\/wp\/v2\/pages\/108","targetHints":{"allow":["GET"]}}],"collection":[{"href":"https:\/\/mesmomentsprecieux.fr\/en\/wp-json\/wp\/v2\/pages"}],"about":[{"href":"https:\/\/mesmomentsprecieux.fr\/en\/wp-json\/wp\/v2\/types\/page"}],"author":[{"embeddable":true,"href":"https:\/\/mesmomentsprecieux.fr\/en\/wp-json\/wp\/v2\/users\/3"}],"replies":[{"embeddable":true,"href":"https:\/\/mesmomentsprecieux.fr\/en\/wp-json\/wp\/v2\/comments?post=108"}],"version-history":[{"count":0,"href":"https:\/\/mesmomentsprecieux.fr\/en\/wp-json\/wp\/v2\/pages\/108\/revisions"}],"wp:attachment":[{"href":"https:\/\/mesmomentsprecieux.fr\/en\/wp-json\/wp\/v2\/media?parent=108"}],"curies":[{"name":"wp","href":"https:\/\/api.w.org\/{rel}","templated":true}]}}