{"id":167,"date":"2019-12-05T21:56:41","date_gmt":"2019-12-05T21:56:41","guid":{"rendered":"http:\/\/mesmomentsprec.wpengine.com\/?page_id=167"},"modified":"2024-10-30T15:43:21","modified_gmt":"2024-10-30T15:43:21","slug":"liens-utiles","status":"publish","type":"page","link":"https:\/\/mesmomentsprecieux.fr\/en\/liens-utiles\/","title":{"rendered":"Liens utiles"},"content":{"rendered":"<h2>Liens Utiles<\/h2>\n<h4>Soutien g\u00e9n\u00e9ral<\/h4>\n<ul>\n<li><a style=\"color: #99cc00;\" href=\"https:\/\/www.ligue-cancer.net\/article\/tout-sur-la-ligue\/missions\" target=\"_blank\" rel=\"noopener noreferrer\">La Ligue contre le cancer<\/a><\/li>\n<li><a style=\"color: #99cc00;\" href=\"http:\/\/www.e-cancer.fr\/Patients-et-proches\/Cancer-Info\" target=\"_blank\" rel=\"noopener noreferrer\">Cancer info<\/a><\/li>\n<li><a style=\"color: #99cc00;\" href=\"http:\/\/monreseaucancer.org\/\" target=\"_blank\" rel=\"noopener noreferrer\">Patients en r\u00e9seau\u00a0<\/a><\/li>\n<li><a style=\"color: #99cc00;\" href=\"http:\/\/www.tribucancer.org\/\" target=\"_blank\" rel=\"noopener noreferrer\">Tribu Cancer\u00a0<\/a><\/li>\n<li><a style=\"color: #99cc00;\" href=\"http:\/\/www.jeunessolidaritecancer.org\/\" target=\"_blank\" rel=\"noopener noreferrer\">Jeunes Solidarit\u00e9 Cancer (JSC)<\/a><\/li>\n<li><a style=\"color: #99cc00;\" href=\"http:\/\/toutlemondecontrelecancer.com\/qui-sommes-nous\/nos-missions\/\" target=\"_blank\" rel=\"noopener noreferrer\">Tout le monde contre le cancer<\/a><\/li>\n<li><a style=\"color: #99cc00;\" href=\"http:\/\/www.choixvital.fr\/\" target=\"_blank\" rel=\"noopener noreferrer\">Choix vital : Parole &amp; cancer<\/a><\/li>\n<li><a style=\"color: #99cc00;\" href=\"http:\/\/www.association-ressource.org\/\" target=\"_blank\" rel=\"noopener noreferrer\">Centre Ressource<\/a><\/li>\n<li><a style=\"color: #99cc00;\" href=\"https:\/\/www.canceratwork.com\/\" target=\"_blank\" rel=\"noopener noreferrer\">Cancer@work\u00a0<\/a><\/li>\n<li><a style=\"color: #99cc00;\" href=\"https:\/\/www.apreslenvol.fr\/\" target=\"_blank\" rel=\"noopener noreferrer\">A.P.R.E.S (Association Pour le Renouveau, l\u2019Espoir et la Solidarit\u00e9) \u2026 l\u2019envol<\/a><\/li>\n<li><a href=\"http:\/\/www.sasad-enfance.fr\/\" target=\"_blank\" rel=\"noopener\">S.A.S.A.D (Service d\u2019accompagnement et de soutien \u00e0 domicile<\/a>)<\/li>\n<li><a href=\"https:\/\/oncogite.com\/\" target=\"_blank\" rel=\"noopener\">onCOGITE \u2013 Les ateliers qui reconnectent les neurones\u00a0!<\/a><\/li>\n<li><a href=\"https:\/\/imagineformargo.org\/\" target=\"_blank\" rel=\"noopener\">Imagine for Margo<\/a> \u2013 Children without cancer<\/li>\n<\/ul>\n<h4>Cancer de la vessie<\/h4>\n<ul>\n<li><a href=\"http:\/\/www.stomies.fr\/ur-il-co\/assocaition-stomises.html\" target=\"_blank\" rel=\"noopener\">UR.IL.CO Paris<\/a><\/li>\n<li><a style=\"color: #99cc00;\" href=\"https:\/\/www.mdm-france.com\/aapi.html\" target=\"_blank\" rel=\"noopener noreferrer\">L\u2019Association d\u2019aide aux personnes incontinentes (AAPI)<\/a><\/li>\n<\/ul>\n<h4>Tumeur au cerveau<\/h4>\n<ul>\n<li><a style=\"color: #99cc00;\" href=\"https:\/\/artc-asso.fr\/lassociation\/\" target=\"_blank\" rel=\"noopener noreferrer\">Association pour la recherche sur les tumeurs c\u00e9r\u00e9brales (ARTC)<\/a><\/li>\n<\/ul>\n<h4>Cancer du sein<\/h4>\n<ul>\n<li><a style=\"color: #99cc00;\" href=\"http:\/\/www.europadonna.fr\/\" target=\"_blank\" rel=\"noopener noreferrer\">Europa Donna France<\/a><\/li>\n<li><a style=\"color: #99cc00;\" href=\"https:\/\/www.monreseaucancer.org\/sein\" target=\"_blank\" rel=\"noopener noreferrer\">Mon r\u00e9seau Cancer du sein<\/a><\/li>\n<li><a style=\"color: #99cc00;\" href=\"http:\/\/www.vivrecommeavant.fr\/\" target=\"_blank\" rel=\"noopener noreferrer\">Vivre comme avant<\/a><\/li>\n<li><a style=\"color: #99cc00;\" href=\"http:\/\/www.lesimpatientes.com\/\" target=\"_blank\" rel=\"noopener noreferrer\">Les Impatientes<\/a><\/li>\n<li><a style=\"color: #99cc00;\" href=\"http:\/\/www.bellebien.fr\/#\/presentation\" target=\"_blank\" rel=\"noopener noreferrer\">Belle &amp; bien<\/a><\/li>\n<li><a style=\"color: #99cc00;\" href=\"http:\/\/www.essentielles.net\/pages\/PRESENTATION_de_LASSOCIATION-6853138.html\" target=\"_blank\" rel=\"noopener noreferrer\">Essentielles<\/a><\/li>\n<li><a href=\"https:\/\/www.jeuneetrose.com\/\" target=\"_blank\" rel=\"noopener\">Jeune et Rose<\/a><\/li>\n<li><a href=\"https:\/\/www.lifeisrose.fr\/fr\/assurose\/\" target=\"_blank\" rel=\"noopener\">Assurose<\/a><\/li>\n<\/ul>\n<h4>Cancer du c\u00f4lon<\/h4>\n<ul>\n<li><a href=\"https:\/\/www.monreseaucancer.org\/colorectal\" target=\"_blank\" rel=\"noopener\">Mon R\u00e9seau Cancer Colorectal<\/a><\/li>\n<li><a style=\"color: #99cc00;\" href=\"http:\/\/www.hnpcc-lynch.com\/ses-buts-et-ses-moyens\/\" target=\"_blank\" rel=\"noopener noreferrer\">Association HNPCC-Lynch<\/a><\/li>\n<\/ul>\n<p>\u00a0<\/p>\n<h4>Cancer du larynx<\/h4>\n<ul>\n<li><a style=\"color: #99cc00;\" href=\"https:\/\/www.mutiles-voix.com\/\" target=\"_blank\" rel=\"noopener noreferrer\">Union des associations fran\u00e7aises des laryngectomis\u00e9s et mutil\u00e9s de la voix (UFMV)<\/a><\/li>\n<\/ul>\n<h4>Leuc\u00e9mie et lymphome<\/h4>\n<ul>\n<li><a style=\"color: #99cc00;\" href=\"http:\/\/www.action-leucemies.org\/\" target=\"_blank\" rel=\"noopener noreferrer\">Action Leuc\u00e9mies<\/a><\/li>\n<li><a style=\"color: #99cc00;\" href=\"http:\/\/www.france-moelle-espoir.org\/\" target=\"_blank\" rel=\"noopener noreferrer\">France moelle espoir<\/a><\/li>\n<li><a style=\"color: #99cc00;\" href=\"http:\/\/www.leucemie-espoir.org\/\" target=\"_blank\" rel=\"noopener noreferrer\">F\u00e9d\u00e9ration leuc\u00e9mie espoir<\/a><\/li>\n<li><a style=\"color: #99cc00;\" href=\"http:\/\/www.egmos.org\/\" target=\"_blank\" rel=\"noopener noreferrer\">Entraide aux Greff\u00e9s de Moelle Osseuse<\/a>\u00a0(EGMOS)<\/li>\n<li><a style=\"color: #99cc00;\" href=\"http:\/\/laurettefugain.org\/missions\" target=\"_blank\" rel=\"noopener noreferrer\">Association Laurette Fugain<\/a><\/li>\n<li><a style=\"color: #99cc00;\" href=\"http:\/\/www.centpoursanglavie.com\/\" target=\"_blank\" rel=\"noopener noreferrer\">Cent pour Sang la vie<\/a><\/li>\n<li><a style=\"color: #99cc00;\" href=\"http:\/\/www.isis-asso.com\/\" target=\"_blank\" rel=\"noopener noreferrer\">ISIS<\/a><\/li>\n<li><a style=\"color: #99cc00;\" href=\"http:\/\/unapecle.medicalistes.org\/\" target=\"_blank\" rel=\"noopener noreferrer\">UNAPECLE<\/a><\/li>\n<li><a style=\"color: #99cc00;\" href=\"http:\/\/www.lmc-france.fr\/au-service-du-patient\/\" target=\"_blank\" rel=\"noopener noreferrer\">Leuc\u00e9mie My\u00e9lo\u00efde Chronique<\/a><\/li>\n<li><a style=\"color: #99cc00;\" href=\"http:\/\/www.af3m.org\/l-association\/qui-sommes-nous.html\" target=\"_blank\" rel=\"noopener noreferrer\">Association Fran\u00e7aise des Malades du My\u00e9lome Multiple (AF3M)<\/a><\/li>\n<li><a style=\"color: #99cc00;\" href=\"https:\/\/www.ellye.fr\/\" target=\"_blank\" rel=\"noopener noreferrer\">Ensemble Leuc\u00e9mie Lymphomes Espoir (ELLyE)<\/a><\/li>\n<li><a style=\"color: #99cc00;\" href=\"http:\/\/www.asso-flo.fr\/\" target=\"_blank\" rel=\"noopener noreferrer\">Florian Lymphome Optimisme\u00a0<\/a><\/li>\n<\/ul>\n<h4>Cancer du poumon<\/h4>\n<ul>\n<li><a href=\"https:\/\/www.monreseaucancer.org\/poumon\" target=\"_blank\" rel=\"noopener\">Mon r\u00e9seau Cancer du Poumon<\/a>\u00a0<\/li>\n<li><a style=\"color: #99cc00;\" href=\"https:\/\/www.ligue-cancer.net\/article\/tout-sur-la-ligue\/missions\" target=\"_blank\" rel=\"noopener noreferrer\">La Ligue contre le cancer<\/a><\/li>\n<li><a style=\"color: #99cc00;\" href=\"http:\/\/www.tabac-info-service.fr\/\" target=\"_blank\" rel=\"noopener noreferrer\">Tabac info service<\/a><\/li>\n<\/ul>\n<h4>Cancer des ovaires<\/h4>\n<ul>\n<li><a href=\"https:\/\/www.imagyn.org\/\" target=\"_blank\" rel=\"noopener\">IMAGYN \u2013 Initiative des MAlades atteintes de cancers GYN\u00e9cologiques<\/a><\/li>\n<li><a href=\"https:\/\/www.monreseaucancer.org\/gyneco\" target=\"_blank\" rel=\"noopener\">Mon R\u00e9seau Cancer Gyn\u00e9co\u00a0<\/a><\/li>\n<\/ul>\n<h4>Cancer du pancr\u00e9as<\/h4>\n<ul>\n<li><a style=\"color: #99cc00;\" href=\"https:\/\/www.fondationarcad.org\/\" target=\"_blank\" rel=\"noopener noreferrer\">Fondation ARCAD<\/a><\/li>\n<\/ul>\n<h4>Cancer de la prostate<\/h4>\n<ul>\n<li><a style=\"color: #99cc00;\" href=\"http:\/\/www.anamacap.fr\/index.php?id=3\" target=\"_blank\" rel=\"noopener noreferrer\">ANAMACAP (Association NAtionale des MAlades du CAncer de la Prostate)<\/a><\/li>\n<li><a style=\"color: #99cc00;\" href=\"http:\/\/cerhom.fr\/index.php#edito\" target=\"_blank\" rel=\"noopener noreferrer\">Cerhom<\/a><\/li>\n<\/ul>\n<h4>Cancer de la thyro\u00efde<\/h4>\n<ul>\n<li><a style=\"color: #99cc00;\" href=\"http:\/\/www.asso-malades-thyroide.fr\/wordpress\/index.php\/category\/accueil\/\" target=\"_blank\" rel=\"noopener noreferrer\">Association fran\u00e7aise des malades de la thyro\u00efde<\/a><\/li>\n<li><a style=\"color: #99cc00;\" href=\"http:\/\/www.forum-thyroide.net\/\" target=\"_blank\" rel=\"noopener noreferrer\">Vivre sans thyro\u00efde<\/a><\/li>\n<\/ul>\n<h4>Cancer de la gorge<\/h4>\n<ul>\n<li><a style=\"color: #99cc00;\" href=\"https:\/\/www.mutiles-voix.com\/\" target=\"_blank\" rel=\"noopener noreferrer\">Union des associations fran\u00e7aises des laryngectomis\u00e9s et mutil\u00e9s de la voix (UFMV)<\/a><\/li>\n<\/ul>\n\n\n<div style=\"height:20px\" aria-hidden=\"true\" class=\"wp-block-spacer\"><\/div>\n\n\n\n<h4 class=\"wp-block-heading\">Cancer de la t\u00eate et du cou<\/h4>\n\n\n\n<ul class=\"wp-block-list\">\n<li><a href=\"https:\/\/corasso.org\/\" target=\"_blank\" rel=\"noreferrer noopener\">Association Corasso<\/a><\/li>\n<\/ul>\n\n\n\n<p><\/p>","protected":false},"excerpt":{"rendered":"<p>Liens Utiles Soutien g\u00e9n\u00e9ral La Ligue contre le cancer Cancer info Patients en r\u00e9seau\u00a0 Tribu Cancer\u00a0 Jeunes Solidarit\u00e9 Cancer (JSC) Tout le monde contre le cancer Choix vital : Parole &amp; cancer Centre Ressource Cancer@work\u00a0 A.P.R.E.S (Association Pour le Renouveau, l\u2019Espoir et la Solidarit\u00e9) \u2026 l\u2019envol S.A.S.A.D (Service d\u2019accompagnement et de soutien \u00e0 domicile) onCOGITE [&hellip;]<\/p>\n","protected":false},"author":3,"featured_media":0,"parent":0,"menu_order":0,"comment_status":"closed","ping_status":"closed","template":"","meta":{"inline_featured_image":false,"footnotes":""},"class_list":["post-167","page","type-page","status-publish","hentry"],"yoast_head":"<!-- This site is optimized with the Yoast SEO plugin v27.3 - https:\/\/yoast.com\/product\/yoast-seo-wordpress\/ -->\n<title>Liens utiles - mesmomentsprecieux<\/title>\n<meta name=\"robots\" content=\"index, follow, max-snippet:-1, max-image-preview:large, max-video-preview:-1\" \/>\n<link rel=\"canonical\" href=\"https:\/\/mesmomentsprecieux.fr\/en\/liens-utiles\/\" \/>\n<meta property=\"og:locale\" content=\"en_US\" \/>\n<meta property=\"og:type\" content=\"article\" \/>\n<meta property=\"og:title\" content=\"Liens utiles - mesmomentsprecieux\" \/>\n<meta property=\"og:description\" content=\"Liens Utiles Soutien g\u00e9n\u00e9ral La Ligue contre le cancer Cancer info Patients en r\u00e9seau\u00a0 Tribu Cancer\u00a0 Jeunes Solidarit\u00e9 Cancer (JSC) Tout le monde contre le cancer Choix vital : Parole &amp; cancer Centre Ressource Cancer@work\u00a0 A.P.R.E.S (Association Pour le Renouveau, l\u2019Espoir et la Solidarit\u00e9) \u2026 l\u2019envol S.A.S.A.D (Service d\u2019accompagnement et de soutien \u00e0 domicile) onCOGITE [&hellip;]\" \/>\n<meta property=\"og:url\" content=\"https:\/\/mesmomentsprecieux.fr\/en\/liens-utiles\/\" \/>\n<meta property=\"og:site_name\" content=\"mesmomentsprecieux\" \/>\n<meta property=\"article:modified_time\" content=\"2024-10-30T15:43:21+00:00\" \/>\n<meta name=\"twitter:card\" content=\"summary_large_image\" \/>\n<meta name=\"twitter:label1\" content=\"Est. reading time\" \/>\n\t<meta name=\"twitter:data1\" content=\"2 minutes\" \/>\n<script type=\"application\/ld+json\" class=\"yoast-schema-graph\">{\"@context\":\"https:\\\/\\\/schema.org\",\"@graph\":[{\"@type\":\"WebPage\",\"@id\":\"https:\\\/\\\/mesmomentsprecieux.fr\\\/liens-utiles\\\/\",\"url\":\"https:\\\/\\\/mesmomentsprecieux.fr\\\/liens-utiles\\\/\",\"name\":\"Liens utiles - mesmomentsprecieux\",\"isPartOf\":{\"@id\":\"https:\\\/\\\/mesmomentsprecieux.fr\\\/#website\"},\"datePublished\":\"2019-12-05T21:56:41+00:00\",\"dateModified\":\"2024-10-30T15:43:21+00:00\",\"breadcrumb\":{\"@id\":\"https:\\\/\\\/mesmomentsprecieux.fr\\\/liens-utiles\\\/#breadcrumb\"},\"inLanguage\":\"en-US\",\"potentialAction\":[{\"@type\":\"ReadAction\",\"target\":[\"https:\\\/\\\/mesmomentsprecieux.fr\\\/liens-utiles\\\/\"]}]},{\"@type\":\"BreadcrumbList\",\"@id\":\"https:\\\/\\\/mesmomentsprecieux.fr\\\/liens-utiles\\\/#breadcrumb\",\"itemListElement\":[{\"@type\":\"ListItem\",\"position\":1,\"name\":\"Home\",\"item\":\"https:\\\/\\\/mesmomentsprecieux.fr\\\/\"},{\"@type\":\"ListItem\",\"position\":2,\"name\":\"Liens utiles\"}]},{\"@type\":\"WebSite\",\"@id\":\"https:\\\/\\\/mesmomentsprecieux.fr\\\/#website\",\"url\":\"https:\\\/\\\/mesmomentsprecieux.fr\\\/\",\"name\":\"mesmomentsprecieux\",\"description\":\"\",\"potentialAction\":[{\"@type\":\"SearchAction\",\"target\":{\"@type\":\"EntryPoint\",\"urlTemplate\":\"https:\\\/\\\/mesmomentsprecieux.fr\\\/?s={search_term_string}\"},\"query-input\":{\"@type\":\"PropertyValueSpecification\",\"valueRequired\":true,\"valueName\":\"search_term_string\"}}],\"inLanguage\":\"en-US\"}]}<\/script>\n<!-- \/ Yoast SEO plugin. -->","yoast_head_json":{"title":"Liens utiles - mesmomentsprecieux","robots":{"index":"index","follow":"follow","max-snippet":"max-snippet:-1","max-image-preview":"max-image-preview:large","max-video-preview":"max-video-preview:-1"},"canonical":"https:\/\/mesmomentsprecieux.fr\/en\/liens-utiles\/","og_locale":"en_US","og_type":"article","og_title":"Liens utiles - mesmomentsprecieux","og_description":"Liens Utiles Soutien g\u00e9n\u00e9ral La Ligue contre le cancer Cancer info Patients en r\u00e9seau\u00a0 Tribu Cancer\u00a0 Jeunes Solidarit\u00e9 Cancer (JSC) Tout le monde contre le cancer Choix vital : Parole &amp; cancer Centre Ressource Cancer@work\u00a0 A.P.R.E.S (Association Pour le Renouveau, l\u2019Espoir et la Solidarit\u00e9) \u2026 l\u2019envol S.A.S.A.D (Service d\u2019accompagnement et de soutien \u00e0 domicile) onCOGITE [&hellip;]","og_url":"https:\/\/mesmomentsprecieux.fr\/en\/liens-utiles\/","og_site_name":"mesmomentsprecieux","article_modified_time":"2024-10-30T15:43:21+00:00","twitter_card":"summary_large_image","twitter_misc":{"Est. reading time":"2 minutes"},"schema":{"@context":"https:\/\/schema.org","@graph":[{"@type":"WebPage","@id":"https:\/\/mesmomentsprecieux.fr\/liens-utiles\/","url":"https:\/\/mesmomentsprecieux.fr\/liens-utiles\/","name":"Liens utiles - mesmomentsprecieux","isPartOf":{"@id":"https:\/\/mesmomentsprecieux.fr\/#website"},"datePublished":"2019-12-05T21:56:41+00:00","dateModified":"2024-10-30T15:43:21+00:00","breadcrumb":{"@id":"https:\/\/mesmomentsprecieux.fr\/liens-utiles\/#breadcrumb"},"inLanguage":"en-US","potentialAction":[{"@type":"ReadAction","target":["https:\/\/mesmomentsprecieux.fr\/liens-utiles\/"]}]},{"@type":"BreadcrumbList","@id":"https:\/\/mesmomentsprecieux.fr\/liens-utiles\/#breadcrumb","itemListElement":[{"@type":"ListItem","position":1,"name":"Home","item":"https:\/\/mesmomentsprecieux.fr\/"},{"@type":"ListItem","position":2,"name":"Liens utiles"}]},{"@type":"WebSite","@id":"https:\/\/mesmomentsprecieux.fr\/#website","url":"https:\/\/mesmomentsprecieux.fr\/","name":"mesmomentsprecieux","description":"","potentialAction":[{"@type":"SearchAction","target":{"@type":"EntryPoint","urlTemplate":"https:\/\/mesmomentsprecieux.fr\/?s={search_term_string}"},"query-input":{"@type":"PropertyValueSpecification","valueRequired":true,"valueName":"search_term_string"}}],"inLanguage":"en-US"}]}},"_links":{"self":[{"href":"https:\/\/mesmomentsprecieux.fr\/en\/wp-json\/wp\/v2\/pages\/167","targetHints":{"allow":["GET"]}}],"collection":[{"href":"https:\/\/mesmomentsprecieux.fr\/en\/wp-json\/wp\/v2\/pages"}],"about":[{"href":"https:\/\/mesmomentsprecieux.fr\/en\/wp-json\/wp\/v2\/types\/page"}],"author":[{"embeddable":true,"href":"https:\/\/mesmomentsprecieux.fr\/en\/wp-json\/wp\/v2\/users\/3"}],"replies":[{"embeddable":true,"href":"https:\/\/mesmomentsprecieux.fr\/en\/wp-json\/wp\/v2\/comments?post=167"}],"version-history":[{"count":0,"href":"https:\/\/mesmomentsprecieux.fr\/en\/wp-json\/wp\/v2\/pages\/167\/revisions"}],"wp:attachment":[{"href":"https:\/\/mesmomentsprecieux.fr\/en\/wp-json\/wp\/v2\/media?parent=167"}],"curies":[{"name":"wp","href":"https:\/\/api.w.org\/{rel}","templated":true}]}}